{"id":117,"date":"2025-02-16T00:27:05","date_gmt":"2025-02-15T23:27:05","guid":{"rendered":"https:\/\/dunepointealautre.com\/?page_id=117"},"modified":"2026-03-22T19:08:16","modified_gmt":"2026-03-22T18:08:16","slug":"gite-4-personnes-entree-presquile-de-crozon-1km-mer","status":"publish","type":"page","link":"https:\/\/dunepointealautre.com\/index.php\/gite-4-personnes-entree-presquile-de-crozon-1km-mer\/","title":{"rendered":"Gite 4 personnes \u00e0 l&rsquo;entr\u00e9e de la presqu&rsquo;ile de Crozon et \u00e0 1km de la mer (Argol)"},"content":{"rendered":"\n<div class=\"wp-block-group alignfull has-accent-4-background-color has-background is-vertical is-nowrap is-layout-flex wp-container-core-group-is-layout-7ed16170 wp-block-group-is-layout-flex\" style=\"min-height:100vh;margin-top:0;margin-bottom:0;padding-top:var(--wp--preset--spacing--50);padding-right:var(--wp--preset--spacing--50);padding-bottom:var(--wp--preset--spacing--50);padding-left:var(--wp--preset--spacing--50)\">\n<div class=\"wp-block-columns alignwide are-vertically-aligned-center is-layout-flex wp-container-core-columns-is-layout-47c06fe3 wp-block-columns-is-layout-flex\">\n<div class=\"wp-block-column is-vertically-aligned-center is-layout-flow wp-block-column-is-layout-flow\" style=\"flex-basis:100%\">\n<div class=\"wp-block-group is-vertical is-layout-flex wp-container-core-group-is-layout-4fd4e51b wp-block-group-is-layout-flex\" style=\"min-height:100%;margin-top:0;margin-bottom:0;padding-right:0;padding-left:0\">\n<p>Location d&rsquo;une maison pour 4 personnes \u00e0 Lezargol sur la commune d&rsquo;Argol. A 1 km de la mer, cette maison se situe au centre d&rsquo;un ancien corps de ferme et est mitoyen \u00e0 un autre gite. Nous avons r\u00e9nov\u00e9 le corps de ferme en 2013 en deux gites 4 \u00e9pis Gites de France (meubl\u00e9 de tourisme 4 \u00e9toiles)<\/p>\n\n\n\n<h2 class=\"wp-block-heading\">Photos du gite pour 4 personnes \u00e0 l&rsquo;entr\u00e9e de la Presqu&rsquo;ile de Crozon<\/h2>\n\n\n\n<figure class=\"wp-block-image size-large\"><img loading=\"lazy\" decoding=\"async\" width=\"1024\" height=\"682\" src=\"https:\/\/dunepointealautre.com\/wp-content\/uploads\/2025\/02\/facade-lezargol-1-1024x682.jpg\" alt=\"\" class=\"wp-image-130\" srcset=\"https:\/\/dunepointealautre.com\/wp-content\/uploads\/2025\/02\/facade-lezargol-1-1024x682.jpg 1024w, https:\/\/dunepointealautre.com\/wp-content\/uploads\/2025\/02\/facade-lezargol-1-300x200.jpg 300w, https:\/\/dunepointealautre.com\/wp-content\/uploads\/2025\/02\/facade-lezargol-1-768x511.jpg 768w, https:\/\/dunepointealautre.com\/wp-content\/uploads\/2025\/02\/facade-lezargol-1.jpg 1200w\" sizes=\"auto, (max-width: 1024px) 100vw, 1024px\" \/><\/figure>\n\n\n\n<figure class=\"wp-block-gallery has-nested-images columns-default is-cropped wp-block-gallery-1 is-layout-flex wp-block-gallery-is-layout-flex\">\n<figure class=\"wp-block-image size-large\"><img loading=\"lazy\" decoding=\"async\" width=\"1024\" height=\"682\" data-id=\"125\" src=\"https:\/\/dunepointealautre.com\/wp-content\/uploads\/2025\/02\/cabanes-lezargol-1024x682.jpg\" alt=\"\" class=\"wp-image-125\" srcset=\"https:\/\/dunepointealautre.com\/wp-content\/uploads\/2025\/02\/cabanes-lezargol-1024x682.jpg 1024w, https:\/\/dunepointealautre.com\/wp-content\/uploads\/2025\/02\/cabanes-lezargol-300x200.jpg 300w, https:\/\/dunepointealautre.com\/wp-content\/uploads\/2025\/02\/cabanes-lezargol-768x511.jpg 768w, https:\/\/dunepointealautre.com\/wp-content\/uploads\/2025\/02\/cabanes-lezargol.jpg 1200w\" sizes=\"auto, (max-width: 1024px) 100vw, 1024px\" \/><\/figure>\n<\/figure>\n\n\n\n<figure class=\"wp-block-image size-large\"><img loading=\"lazy\" decoding=\"async\" width=\"1024\" height=\"683\" src=\"http:\/\/dunepointealautre.com\/wp-content\/uploads\/2025\/02\/chambre-2-Lezargol-1024x683.jpg\" alt=\"chambre parentale gite lezargol\" class=\"wp-image-126\" srcset=\"https:\/\/dunepointealautre.com\/wp-content\/uploads\/2025\/02\/chambre-2-Lezargol-1024x683.jpg 1024w, https:\/\/dunepointealautre.com\/wp-content\/uploads\/2025\/02\/chambre-2-Lezargol-300x200.jpg 300w, https:\/\/dunepointealautre.com\/wp-content\/uploads\/2025\/02\/chambre-2-Lezargol-768x512.jpg 768w, https:\/\/dunepointealautre.com\/wp-content\/uploads\/2025\/02\/chambre-2-Lezargol.jpg 1200w\" sizes=\"auto, (max-width: 1024px) 100vw, 1024px\" \/><\/figure>\n\n\n\n<figure class=\"wp-block-image size-large\"><img loading=\"lazy\" decoding=\"async\" width=\"1024\" height=\"682\" src=\"https:\/\/dunepointealautre.com\/wp-content\/uploads\/2025\/02\/cuisine-Lezargol-1024x682.jpg\" alt=\"\" class=\"wp-image-127\" srcset=\"https:\/\/dunepointealautre.com\/wp-content\/uploads\/2025\/02\/cuisine-Lezargol-1024x682.jpg 1024w, https:\/\/dunepointealautre.com\/wp-content\/uploads\/2025\/02\/cuisine-Lezargol-300x200.jpg 300w, https:\/\/dunepointealautre.com\/wp-content\/uploads\/2025\/02\/cuisine-Lezargol-768x511.jpg 768w, https:\/\/dunepointealautre.com\/wp-content\/uploads\/2025\/02\/cuisine-Lezargol.jpg 1200w\" sizes=\"auto, (max-width: 1024px) 100vw, 1024px\" \/><\/figure>\n\n\n\n<figure class=\"wp-block-image size-large\"><img loading=\"lazy\" decoding=\"async\" width=\"1024\" height=\"576\" src=\"https:\/\/dunepointealautre.com\/wp-content\/uploads\/2025\/02\/ext-lezargol-1-1024x576.jpg\" alt=\"\" class=\"wp-image-129\" srcset=\"https:\/\/dunepointealautre.com\/wp-content\/uploads\/2025\/02\/ext-lezargol-1-1024x576.jpg 1024w, https:\/\/dunepointealautre.com\/wp-content\/uploads\/2025\/02\/ext-lezargol-1-300x169.jpg 300w, https:\/\/dunepointealautre.com\/wp-content\/uploads\/2025\/02\/ext-lezargol-1-768x432.jpg 768w, https:\/\/dunepointealautre.com\/wp-content\/uploads\/2025\/02\/ext-lezargol-1.jpg 1200w\" sizes=\"auto, (max-width: 1024px) 100vw, 1024px\" \/><\/figure>\n\n\n\n<figure class=\"wp-block-image size-large\"><img loading=\"lazy\" decoding=\"async\" width=\"1024\" height=\"768\" src=\"https:\/\/dunepointealautre.com\/wp-content\/uploads\/2025\/02\/jeux-exterieur-Lezargol-1024x768.jpg\" alt=\"\" class=\"wp-image-131\" srcset=\"https:\/\/dunepointealautre.com\/wp-content\/uploads\/2025\/02\/jeux-exterieur-Lezargol-1024x768.jpg 1024w, https:\/\/dunepointealautre.com\/wp-content\/uploads\/2025\/02\/jeux-exterieur-Lezargol-300x225.jpg 300w, https:\/\/dunepointealautre.com\/wp-content\/uploads\/2025\/02\/jeux-exterieur-Lezargol-768x576.jpg 768w, https:\/\/dunepointealautre.com\/wp-content\/uploads\/2025\/02\/jeux-exterieur-Lezargol.jpg 1200w\" sizes=\"auto, (max-width: 1024px) 100vw, 1024px\" \/><\/figure>\n\n\n\n<div class=\"wp-block-group has-global-padding is-layout-constrained wp-block-group-is-layout-constrained\">\n<figure class=\"wp-block-gallery has-nested-images columns-default is-cropped wp-block-gallery-2 is-layout-flex wp-block-gallery-is-layout-flex\">\n<figure class=\"wp-block-image size-large\"><img loading=\"lazy\" decoding=\"async\" width=\"1024\" height=\"682\" data-id=\"128\" src=\"https:\/\/dunepointealautre.com\/wp-content\/uploads\/2025\/02\/salon-Lezargol-1024x682.jpg\" alt=\"\" class=\"wp-image-128\" srcset=\"https:\/\/dunepointealautre.com\/wp-content\/uploads\/2025\/02\/salon-Lezargol-1024x682.jpg 1024w, https:\/\/dunepointealautre.com\/wp-content\/uploads\/2025\/02\/salon-Lezargol-300x200.jpg 300w, https:\/\/dunepointealautre.com\/wp-content\/uploads\/2025\/02\/salon-Lezargol-768x511.jpg 768w, https:\/\/dunepointealautre.com\/wp-content\/uploads\/2025\/02\/salon-Lezargol.jpg 1200w\" sizes=\"auto, (max-width: 1024px) 100vw, 1024px\" \/><\/figure>\n<\/figure>\n<\/div>\n<\/div>\n<\/div>\n<\/div>\n\n\n\n<p><\/p>\n\n\n\n<h2 class=\"wp-block-heading\">Disponibilit\u00e9s du gite pour 4 personnes \u00e0 l&rsquo;entr\u00e9e de la Presqu&rsquo;ile de Crozon<\/h2>\n\n\n\n<h3 class=\"wp-block-heading\">Disponibilit\u00e9s<\/h3>\n\n\n\n<p>La maison est disponible du du 15 mars au 18 avril 2026<\/p>\n\n\n\n<p>et aussi du 25 avril au 30 mai 2026<\/p>\n\n\n\n<p>Pour l&rsquo;\u00e9t\u00e9, il reste les disponibilit\u00e9 suivantes : du 11 juillet au 22 aout 2026 (p\u00e9riode de 3 semaines)<\/p>\n\n\n\n<p>Enfin, le gite est disponible \u00e0 partir du 19 septembre et  jusqu&rsquo;au 31 janvier 2027<\/p>\n\n\n\n<p>Vous pouvez d\u00e9j\u00e0 faire des r\u00e9servations pour 2027<\/p>\n\n\n\n<div class=\"wp-block-columns is-layout-flex wp-container-core-columns-is-layout-28f84493 wp-block-columns-is-layout-flex\">\n<div class=\"wp-block-column is-layout-flow wp-block-column-is-layout-flow\" style=\"flex-basis:100%\">\n<figure class=\"wp-block-gallery has-nested-images columns-default is-cropped wp-block-gallery-3 is-layout-flex wp-block-gallery-is-layout-flex\">\n<figure class=\"wp-block-image size-large\"><img loading=\"lazy\" decoding=\"async\" width=\"1024\" height=\"768\" data-id=\"131\" src=\"https:\/\/dunepointealautre.com\/wp-content\/uploads\/2025\/02\/jeux-exterieur-Lezargol-1024x768.jpg\" alt=\"balan\u00e7oire du gite \u00e0 1 km de la mer\" class=\"wp-image-131\" srcset=\"https:\/\/dunepointealautre.com\/wp-content\/uploads\/2025\/02\/jeux-exterieur-Lezargol-1024x768.jpg 1024w, https:\/\/dunepointealautre.com\/wp-content\/uploads\/2025\/02\/jeux-exterieur-Lezargol-300x225.jpg 300w, https:\/\/dunepointealautre.com\/wp-content\/uploads\/2025\/02\/jeux-exterieur-Lezargol-768x576.jpg 768w, https:\/\/dunepointealautre.com\/wp-content\/uploads\/2025\/02\/jeux-exterieur-Lezargol.jpg 1200w\" sizes=\"auto, (max-width: 1024px) 100vw, 1024px\" \/><\/figure>\n<\/figure>\n<\/div>\n<\/div>\n\n\n\n<div class=\"wp-block-columns is-layout-flex wp-container-core-columns-is-layout-28f84493 wp-block-columns-is-layout-flex\">\n<div class=\"wp-block-column is-layout-flow wp-block-column-is-layout-flow\" style=\"flex-basis:100%\"><\/div>\n<\/div>\n\n\n\n<h3 class=\"wp-block-heading\">Tarifs du gite pour 4 personnes \u00e0 1km de la mer<\/h3>\n\n\n\n<p>Les tarifs sont visibles en cliquant<a href=\"https:\/\/app.superhote.com\/#\/get-available-rentals\/5CooZMdFx5iQnaGmCAg1KaY9x\"> ici<\/a> <\/p>\n\n\n\n<p><strong>Si le tarif n&rsquo;est pas d\u00e9j\u00e0 en promotion, vous pouvez b\u00e9n\u00e9ficier de &#8211; 10% sur la deuxi\u00e8me semaine, ainsi que la troisi\u00e8me, ainsi de suite<\/strong><\/p>\n\n\n\n<p>D\u00e9p\u00f4t de garantie (caution) \u00e0 verser \u00e0 l&rsquo;arriv\u00e9e : 200\u20ac<br>Ce g\u00eete est \u00ab\u00a0Tout Compris\u00a0\u00bb (eau, gaz, \u00e9lectricit\u00e9, linge de toilette et de maison, draps)<br>Forfait m\u00e9nage fin de s\u00e9jour 65.00\u20ac<\/p>\n\n\n\n<h2 class=\"wp-block-heading\">Visite en Vid\u00e9o du gite \u00e0 l&rsquo;entr\u00e9e de la Presqu&rsquo;ile de Crozon<\/h2>\n<\/div>\n\n\n\n<figure class=\"wp-block-embed is-type-video is-provider-youtube wp-block-embed-youtube wp-embed-aspect-16-9 wp-has-aspect-ratio\"><div class=\"wp-block-embed__wrapper\">\n<iframe loading=\"lazy\" title=\"Location 4 personnes presqu&#039;\u00eele de Crozon Finist\u00e8re\" width=\"500\" height=\"281\" src=\"https:\/\/www.youtube.com\/embed\/9XCyXPHPku4?feature=oembed\" frameborder=\"0\" allow=\"accelerometer; autoplay; clipboard-write; encrypted-media; gyroscope; picture-in-picture; web-share\" referrerpolicy=\"strict-origin-when-cross-origin\" allowfullscreen><\/iframe>\n<\/div><\/figure>\n\n\n\n<p><br><\/p>\n\n\n\n<h2 class=\"wp-block-heading\">RESERVATION<\/h2>\n\n\n\n<p class=\"has-contrast-color has-text-color has-link-color wp-elements-d874e282904f46f936971d2a267d2bc3\">Pour r\u00e9server en direct, cliquer sur <a href=\"https:\/\/dunepointealautre.com\/index.php\/reserver-une-maison-de-vacances-en-presquile-de-crozon\/\">R\u00e9servation<\/a> et si vous souhaitez plus d&rsquo;informations, vous pouvez nous <a href=\"https:\/\/dunepointealautre.com\/index.php\/contact\/\">contacter directement<\/a> <\/p>\n\n\n\n<p class=\"has-contrast-color has-text-color has-link-color wp-elements-911ecfcdeb65bc099480bf750cbd5a6a\">(t\u00e9l\u00e9phone 06 80 43 29 47, SMS, whatsapp ou email)<\/p>\n\n\n\n<p>R\u00e9server \u00e9galement en allant sur le site Gites de France :<\/p>\n\n\n\n<p> <a href=\"https:\/\/www.gites-finistere.com\/location-vacances\/bretagne\/argol\/gite-de-lezargol-29g21680\/\">https:\/\/www.gites-finistere.com\/location-vacances\/bretagne\/argol\/gite-de-lezargol-29g21680\/<\/a><\/p>\n","protected":false},"excerpt":{"rendered":"<p>Location d&rsquo;une maison pour 4 personnes \u00e0 Lezargol sur la commune d&rsquo;Argol. A 1 km de la mer, cette maison se situe au centre d&rsquo;un ancien corps de ferme et est mitoyen \u00e0 un autre gite. Nous avons r\u00e9nov\u00e9 le corps de ferme en 2013 en deux gites 4 \u00e9pis Gites de France (meubl\u00e9 de [&hellip;]<\/p>\n","protected":false},"author":1,"featured_media":130,"parent":0,"menu_order":0,"comment_status":"closed","ping_status":"closed","template":"","meta":{"footnotes":""},"class_list":["post-117","page","type-page","status-publish","has-post-thumbnail","hentry"],"yoast_head":"<!-- This site is optimized with the Yoast SEO plugin v24.5 - https:\/\/yoast.com\/wordpress\/plugins\/seo\/ -->\n<title>Gite 4 personnes entr\u00e9e presqu&#039;ile de Crozon 1km mer<\/title>\n<meta name=\"description\" content=\"Gite pour 4 personnes \u00e0 l&#039;entr\u00e9e de la presqu&#039;ile de Crozon et \u00e0 1km de la mer situ\u00e9 sur la commune d&#039;Argol (Finist\u00e8re)\" \/>\n<meta name=\"robots\" content=\"index, follow, max-snippet:-1, max-image-preview:large, max-video-preview:-1\" \/>\n<link rel=\"canonical\" href=\"https:\/\/dunepointealautre.com\/index.php\/gite-4-personnes-entree-presquile-de-crozon-1km-mer\/\" \/>\n<meta property=\"og:locale\" content=\"fr_FR\" \/>\n<meta property=\"og:type\" content=\"article\" \/>\n<meta property=\"og:title\" content=\"Gite 4 personnes entr\u00e9e presqu&#039;ile de Crozon 1km mer\" \/>\n<meta property=\"og:description\" content=\"Gite pour 4 personnes \u00e0 l&#039;entr\u00e9e de la presqu&#039;ile de Crozon et \u00e0 1km de la mer situ\u00e9 sur la commune d&#039;Argol (Finist\u00e8re)\" \/>\n<meta property=\"og:url\" content=\"https:\/\/dunepointealautre.com\/index.php\/gite-4-personnes-entree-presquile-de-crozon-1km-mer\/\" \/>\n<meta property=\"og:site_name\" content=\"D&#039;Une Pointe \u00e0 l&#039;Autre\" \/>\n<meta property=\"article:publisher\" content=\"https:\/\/www.facebook.com\/share\/1BUFibdSJN\/\" \/>\n<meta property=\"article:modified_time\" content=\"2026-03-22T18:08:16+00:00\" \/>\n<meta property=\"og:image\" content=\"http:\/\/dunepointealautre.com\/wp-content\/uploads\/2025\/02\/facade-lezargol-1.jpg\" \/>\n\t<meta property=\"og:image:width\" content=\"1200\" \/>\n\t<meta property=\"og:image:height\" content=\"799\" \/>\n\t<meta property=\"og:image:type\" content=\"image\/jpeg\" \/>\n<meta name=\"twitter:card\" content=\"summary_large_image\" \/>\n<meta name=\"twitter:label1\" content=\"Dur\u00e9e de lecture estim\u00e9e\" \/>\n\t<meta name=\"twitter:data1\" content=\"4 minutes\" \/>\n<script type=\"application\/ld+json\" class=\"yoast-schema-graph\">{\"@context\":\"https:\/\/schema.org\",\"@graph\":[{\"@type\":\"WebPage\",\"@id\":\"https:\/\/dunepointealautre.com\/index.php\/gite-4-personnes-entree-presquile-de-crozon-1km-mer\/\",\"url\":\"https:\/\/dunepointealautre.com\/index.php\/gite-4-personnes-entree-presquile-de-crozon-1km-mer\/\",\"name\":\"Gite 4 personnes entr\u00e9e presqu'ile de Crozon 1km mer\",\"isPartOf\":{\"@id\":\"https:\/\/dunepointealautre.com\/#website\"},\"primaryImageOfPage\":{\"@id\":\"https:\/\/dunepointealautre.com\/index.php\/gite-4-personnes-entree-presquile-de-crozon-1km-mer\/#primaryimage\"},\"image\":{\"@id\":\"https:\/\/dunepointealautre.com\/index.php\/gite-4-personnes-entree-presquile-de-crozon-1km-mer\/#primaryimage\"},\"thumbnailUrl\":\"https:\/\/dunepointealautre.com\/wp-content\/uploads\/2025\/02\/facade-lezargol-1.jpg\",\"datePublished\":\"2025-02-15T23:27:05+00:00\",\"dateModified\":\"2026-03-22T18:08:16+00:00\",\"description\":\"Gite pour 4 personnes \u00e0 l'entr\u00e9e de la presqu'ile de Crozon et \u00e0 1km de la mer situ\u00e9 sur la commune d'Argol (Finist\u00e8re)\",\"breadcrumb\":{\"@id\":\"https:\/\/dunepointealautre.com\/index.php\/gite-4-personnes-entree-presquile-de-crozon-1km-mer\/#breadcrumb\"},\"inLanguage\":\"fr-FR\",\"potentialAction\":[{\"@type\":\"ReadAction\",\"target\":[\"https:\/\/dunepointealautre.com\/index.php\/gite-4-personnes-entree-presquile-de-crozon-1km-mer\/\"]}]},{\"@type\":\"ImageObject\",\"inLanguage\":\"fr-FR\",\"@id\":\"https:\/\/dunepointealautre.com\/index.php\/gite-4-personnes-entree-presquile-de-crozon-1km-mer\/#primaryimage\",\"url\":\"https:\/\/dunepointealautre.com\/wp-content\/uploads\/2025\/02\/facade-lezargol-1.jpg\",\"contentUrl\":\"https:\/\/dunepointealautre.com\/wp-content\/uploads\/2025\/02\/facade-lezargol-1.jpg\",\"width\":1200,\"height\":799,\"caption\":\"Gite de Lezargol au calm \u00e0 2km de Pentrez (2 chambres)\"},{\"@type\":\"BreadcrumbList\",\"@id\":\"https:\/\/dunepointealautre.com\/index.php\/gite-4-personnes-entree-presquile-de-crozon-1km-mer\/#breadcrumb\",\"itemListElement\":[{\"@type\":\"ListItem\",\"position\":1,\"name\":\"Home\",\"item\":\"https:\/\/dunepointealautre.com\/\"},{\"@type\":\"ListItem\",\"position\":2,\"name\":\"Gite 4 personnes \u00e0 l&rsquo;entr\u00e9e de la presqu&rsquo;ile de Crozon et \u00e0 1km de la mer (Argol)\"}]},{\"@type\":\"WebSite\",\"@id\":\"https:\/\/dunepointealautre.com\/#website\",\"url\":\"https:\/\/dunepointealautre.com\/\",\"name\":\"ACCUEIL DU SITE\",\"description\":\"Maisons de vacances en Finist\u00e8re \u00e0 l&#039;entr\u00e9e de la presqu&#039;ile de Crozon\",\"publisher\":{\"@id\":\"https:\/\/dunepointealautre.com\/#organization\"},\"potentialAction\":[{\"@type\":\"SearchAction\",\"target\":{\"@type\":\"EntryPoint\",\"urlTemplate\":\"https:\/\/dunepointealautre.com\/?s={search_term_string}\"},\"query-input\":{\"@type\":\"PropertyValueSpecification\",\"valueRequired\":true,\"valueName\":\"search_term_string\"}}],\"inLanguage\":\"fr-FR\"},{\"@type\":\"Organization\",\"@id\":\"https:\/\/dunepointealautre.com\/#organization\",\"name\":\"D'une Pointe \u00e0 l'Autre\",\"url\":\"https:\/\/dunepointealautre.com\/\",\"logo\":{\"@type\":\"ImageObject\",\"inLanguage\":\"fr-FR\",\"@id\":\"https:\/\/dunepointealautre.com\/#\/schema\/logo\/image\/\",\"url\":\"http:\/\/dunepointealautre.com\/wp-content\/uploads\/2025\/02\/IMG-20240610-WA0004.jpg\",\"contentUrl\":\"http:\/\/dunepointealautre.com\/wp-content\/uploads\/2025\/02\/IMG-20240610-WA0004.jpg\",\"width\":2048,\"height\":1536,\"caption\":\"D'une Pointe \u00e0 l'Autre\"},\"image\":{\"@id\":\"https:\/\/dunepointealautre.com\/#\/schema\/logo\/image\/\"},\"sameAs\":[\"https:\/\/www.facebook.com\/share\/1BUFibdSJN\/\"]}]}<\/script>\n<!-- \/ Yoast SEO plugin. -->","yoast_head_json":{"title":"Gite 4 personnes entr\u00e9e presqu'ile de Crozon 1km mer","description":"Gite pour 4 personnes \u00e0 l'entr\u00e9e de la presqu'ile de Crozon et \u00e0 1km de la mer situ\u00e9 sur la commune d'Argol (Finist\u00e8re)","robots":{"index":"index","follow":"follow","max-snippet":"max-snippet:-1","max-image-preview":"max-image-preview:large","max-video-preview":"max-video-preview:-1"},"canonical":"https:\/\/dunepointealautre.com\/index.php\/gite-4-personnes-entree-presquile-de-crozon-1km-mer\/","og_locale":"fr_FR","og_type":"article","og_title":"Gite 4 personnes entr\u00e9e presqu'ile de Crozon 1km mer","og_description":"Gite pour 4 personnes \u00e0 l'entr\u00e9e de la presqu'ile de Crozon et \u00e0 1km de la mer situ\u00e9 sur la commune d'Argol (Finist\u00e8re)","og_url":"https:\/\/dunepointealautre.com\/index.php\/gite-4-personnes-entree-presquile-de-crozon-1km-mer\/","og_site_name":"D&#039;Une Pointe \u00e0 l&#039;Autre","article_publisher":"https:\/\/www.facebook.com\/share\/1BUFibdSJN\/","article_modified_time":"2026-03-22T18:08:16+00:00","og_image":[{"width":1200,"height":799,"url":"http:\/\/dunepointealautre.com\/wp-content\/uploads\/2025\/02\/facade-lezargol-1.jpg","type":"image\/jpeg"}],"twitter_card":"summary_large_image","twitter_misc":{"Dur\u00e9e de lecture estim\u00e9e":"4 minutes"},"schema":{"@context":"https:\/\/schema.org","@graph":[{"@type":"WebPage","@id":"https:\/\/dunepointealautre.com\/index.php\/gite-4-personnes-entree-presquile-de-crozon-1km-mer\/","url":"https:\/\/dunepointealautre.com\/index.php\/gite-4-personnes-entree-presquile-de-crozon-1km-mer\/","name":"Gite 4 personnes entr\u00e9e presqu'ile de Crozon 1km mer","isPartOf":{"@id":"https:\/\/dunepointealautre.com\/#website"},"primaryImageOfPage":{"@id":"https:\/\/dunepointealautre.com\/index.php\/gite-4-personnes-entree-presquile-de-crozon-1km-mer\/#primaryimage"},"image":{"@id":"https:\/\/dunepointealautre.com\/index.php\/gite-4-personnes-entree-presquile-de-crozon-1km-mer\/#primaryimage"},"thumbnailUrl":"https:\/\/dunepointealautre.com\/wp-content\/uploads\/2025\/02\/facade-lezargol-1.jpg","datePublished":"2025-02-15T23:27:05+00:00","dateModified":"2026-03-22T18:08:16+00:00","description":"Gite pour 4 personnes \u00e0 l'entr\u00e9e de la presqu'ile de Crozon et \u00e0 1km de la mer situ\u00e9 sur la commune d'Argol (Finist\u00e8re)","breadcrumb":{"@id":"https:\/\/dunepointealautre.com\/index.php\/gite-4-personnes-entree-presquile-de-crozon-1km-mer\/#breadcrumb"},"inLanguage":"fr-FR","potentialAction":[{"@type":"ReadAction","target":["https:\/\/dunepointealautre.com\/index.php\/gite-4-personnes-entree-presquile-de-crozon-1km-mer\/"]}]},{"@type":"ImageObject","inLanguage":"fr-FR","@id":"https:\/\/dunepointealautre.com\/index.php\/gite-4-personnes-entree-presquile-de-crozon-1km-mer\/#primaryimage","url":"https:\/\/dunepointealautre.com\/wp-content\/uploads\/2025\/02\/facade-lezargol-1.jpg","contentUrl":"https:\/\/dunepointealautre.com\/wp-content\/uploads\/2025\/02\/facade-lezargol-1.jpg","width":1200,"height":799,"caption":"Gite de Lezargol au calm \u00e0 2km de Pentrez (2 chambres)"},{"@type":"BreadcrumbList","@id":"https:\/\/dunepointealautre.com\/index.php\/gite-4-personnes-entree-presquile-de-crozon-1km-mer\/#breadcrumb","itemListElement":[{"@type":"ListItem","position":1,"name":"Home","item":"https:\/\/dunepointealautre.com\/"},{"@type":"ListItem","position":2,"name":"Gite 4 personnes \u00e0 l&rsquo;entr\u00e9e de la presqu&rsquo;ile de Crozon et \u00e0 1km de la mer (Argol)"}]},{"@type":"WebSite","@id":"https:\/\/dunepointealautre.com\/#website","url":"https:\/\/dunepointealautre.com\/","name":"ACCUEIL DU SITE","description":"Maisons de vacances en Finist\u00e8re \u00e0 l&#039;entr\u00e9e de la presqu&#039;ile de Crozon","publisher":{"@id":"https:\/\/dunepointealautre.com\/#organization"},"potentialAction":[{"@type":"SearchAction","target":{"@type":"EntryPoint","urlTemplate":"https:\/\/dunepointealautre.com\/?s={search_term_string}"},"query-input":{"@type":"PropertyValueSpecification","valueRequired":true,"valueName":"search_term_string"}}],"inLanguage":"fr-FR"},{"@type":"Organization","@id":"https:\/\/dunepointealautre.com\/#organization","name":"D'une Pointe \u00e0 l'Autre","url":"https:\/\/dunepointealautre.com\/","logo":{"@type":"ImageObject","inLanguage":"fr-FR","@id":"https:\/\/dunepointealautre.com\/#\/schema\/logo\/image\/","url":"http:\/\/dunepointealautre.com\/wp-content\/uploads\/2025\/02\/IMG-20240610-WA0004.jpg","contentUrl":"http:\/\/dunepointealautre.com\/wp-content\/uploads\/2025\/02\/IMG-20240610-WA0004.jpg","width":2048,"height":1536,"caption":"D'une Pointe \u00e0 l'Autre"},"image":{"@id":"https:\/\/dunepointealautre.com\/#\/schema\/logo\/image\/"},"sameAs":["https:\/\/www.facebook.com\/share\/1BUFibdSJN\/"]}]}},"_links":{"self":[{"href":"https:\/\/dunepointealautre.com\/index.php\/wp-json\/wp\/v2\/pages\/117","targetHints":{"allow":["GET"]}}],"collection":[{"href":"https:\/\/dunepointealautre.com\/index.php\/wp-json\/wp\/v2\/pages"}],"about":[{"href":"https:\/\/dunepointealautre.com\/index.php\/wp-json\/wp\/v2\/types\/page"}],"author":[{"embeddable":true,"href":"https:\/\/dunepointealautre.com\/index.php\/wp-json\/wp\/v2\/users\/1"}],"replies":[{"embeddable":true,"href":"https:\/\/dunepointealautre.com\/index.php\/wp-json\/wp\/v2\/comments?post=117"}],"version-history":[{"count":27,"href":"https:\/\/dunepointealautre.com\/index.php\/wp-json\/wp\/v2\/pages\/117\/revisions"}],"predecessor-version":[{"id":439,"href":"https:\/\/dunepointealautre.com\/index.php\/wp-json\/wp\/v2\/pages\/117\/revisions\/439"}],"wp:featuredmedia":[{"embeddable":true,"href":"https:\/\/dunepointealautre.com\/index.php\/wp-json\/wp\/v2\/media\/130"}],"wp:attachment":[{"href":"https:\/\/dunepointealautre.com\/index.php\/wp-json\/wp\/v2\/media?parent=117"}],"curies":[{"name":"wp","href":"https:\/\/api.w.org\/{rel}","templated":true}]}}