{"id":76,"date":"2025-02-14T16:41:21","date_gmt":"2025-02-14T15:41:21","guid":{"rendered":"https:\/\/dunepointealautre.com\/?page_id=76"},"modified":"2026-03-22T19:03:33","modified_gmt":"2026-03-22T18:03:33","slug":"reserver-une-maison-de-vacances-en-presquile-de-crozon","status":"publish","type":"page","link":"https:\/\/dunepointealautre.com\/index.php\/reserver-une-maison-de-vacances-en-presquile-de-crozon\/","title":{"rendered":"R\u00e9server une maison de vacances proche de la mer \u00e0 l&rsquo;entr\u00e9e de la presqu&rsquo;\u00eele de Crozon"},"content":{"rendered":"\n<figure class=\"wp-block-gallery has-nested-images columns-default is-cropped wp-block-gallery-1 is-layout-flex wp-block-gallery-is-layout-flex\">\n<figure class=\"wp-block-image size-large\"><img loading=\"lazy\" decoding=\"async\" width=\"1024\" height=\"768\" data-id=\"58\" src=\"https:\/\/dunepointealautre.com\/wp-content\/uploads\/2025\/02\/1000001927-1024x768.jpg\" alt=\"Gite D'une Pointe \u00e0 l'Autre\" class=\"wp-image-58\" srcset=\"https:\/\/dunepointealautre.com\/wp-content\/uploads\/2025\/02\/1000001927-1024x768.jpg 1024w, https:\/\/dunepointealautre.com\/wp-content\/uploads\/2025\/02\/1000001927-300x225.jpg 300w, https:\/\/dunepointealautre.com\/wp-content\/uploads\/2025\/02\/1000001927-768x576.jpg 768w, https:\/\/dunepointealautre.com\/wp-content\/uploads\/2025\/02\/1000001927-1536x1152.jpg 1536w, https:\/\/dunepointealautre.com\/wp-content\/uploads\/2025\/02\/1000001927.jpg 2048w\" sizes=\"auto, (max-width: 1024px) 100vw, 1024px\" \/><figcaption class=\"wp-element-caption\"><a href=\"https:\/\/dunepointealautre.com\/index.php\/maison-de-vacances-face-mer-plage-pentrez\/\">Gite D&rsquo;une Pointe \u00e0 l&rsquo;Autre Pentrez Saint Nic<\/a><\/figcaption><\/figure>\n\n\n\n<figure class=\"wp-block-image size-large\"><img loading=\"lazy\" decoding=\"async\" width=\"1024\" height=\"768\" data-id=\"399\" src=\"http:\/\/dunepointealautre.com\/wp-content\/uploads\/2026\/02\/P6140586-1024x768.jpg\" alt=\"Terrasse appartement Ti Billig\" class=\"wp-image-399\" srcset=\"https:\/\/dunepointealautre.com\/wp-content\/uploads\/2026\/02\/P6140586-1024x768.jpg 1024w, https:\/\/dunepointealautre.com\/wp-content\/uploads\/2026\/02\/P6140586-300x225.jpg 300w, https:\/\/dunepointealautre.com\/wp-content\/uploads\/2026\/02\/P6140586-768x576.jpg 768w, https:\/\/dunepointealautre.com\/wp-content\/uploads\/2026\/02\/P6140586-1536x1152.jpg 1536w, https:\/\/dunepointealautre.com\/wp-content\/uploads\/2026\/02\/P6140586-2048x1536.jpg 2048w\" sizes=\"auto, (max-width: 1024px) 100vw, 1024px\" \/><figcaption class=\"wp-element-caption\"><a href=\"https:\/\/dunepointealautre.com\/index.php\/appartement-2-personnes-aux-fermettes-de-la-plage-a-150-m-de-la-plage-de-pentrez\/\">Appartement Ti Billig Pentrez Saint Nic<\/a><\/figcaption><\/figure>\n\n\n\n<figure class=\"wp-block-image size-large\"><img loading=\"lazy\" decoding=\"async\" width=\"1024\" height=\"682\" data-id=\"122\" src=\"https:\/\/dunepointealautre.com\/wp-content\/uploads\/2025\/02\/facade-lezargol-edited-1024x682.jpg\" alt=\"\" class=\"wp-image-122\" srcset=\"https:\/\/dunepointealautre.com\/wp-content\/uploads\/2025\/02\/facade-lezargol-edited-1024x682.jpg 1024w, https:\/\/dunepointealautre.com\/wp-content\/uploads\/2025\/02\/facade-lezargol-edited-300x200.jpg 300w, https:\/\/dunepointealautre.com\/wp-content\/uploads\/2025\/02\/facade-lezargol-edited-768x511.jpg 768w, https:\/\/dunepointealautre.com\/wp-content\/uploads\/2025\/02\/facade-lezargol-edited.jpg 1119w\" sizes=\"auto, (max-width: 1024px) 100vw, 1024px\" \/><figcaption class=\"wp-element-caption\"><a href=\"https:\/\/dunepointealautre.com\/index.php\/gite-4-personnes-entree-presquile-de-crozon-1km-mer\/\">Gite de Lezargol <br>Argol<\/a><\/figcaption><\/figure>\n<\/figure>\n\n\n\n<h2 class=\"wp-block-heading\">R\u00e9server en direct une maison de vacances en bord de mer <\/h2>\n\n\n\n<h3 class=\"wp-block-heading\">Pour r\u00e9server en ligne <\/h3>\n\n\n\n<p class=\"has-contrast-color has-text-color has-link-color wp-elements-011f9013a6bb620c4944b332b6d106b1\">Pour r\u00e9server une des locations, vous pouvez cliquer sur le <a href=\"https:\/\/app.superhote.com\/#\/get-available-rentals\/5CooZMdFx5iQnaGmCAg1KaY9x\">moteur de r\u00e9servation<\/a> de notre logiciel SuperHote<\/p>\n\n\n\n<h3 class=\"wp-block-heading\">R\u00e9server en contactant le propri\u00e9taire<\/h3>\n\n\n\n<p>Pour r\u00e9server directement avec moi, vous pouvez me <a href=\"https:\/\/dunepointealautre.com\/index.php\/contact\/\">contacter <\/a>par mail ou t\u00e9l\u00e9phone (appel, SMS ou Whatsapp)<\/p>\n\n\n\n<ul class=\"wp-block-list\">\n<li>Coordonn\u00e9es\n<ul class=\"wp-block-list\">\n<li>Email : <strong>caroline-chmura@orange.fr <\/strong><\/li>\n\n\n\n<li>T\u00e9l\u00e9phone : <strong>33 (0) 6 80 43 29 47<\/strong> en cas d&rsquo;absence : laisser un message sur le r\u00e9pondeur ou\/et envoyer un message \u00e9crit (SMS ou Whatsapp)<\/li>\n<\/ul>\n<\/li>\n<\/ul>\n\n\n\n<ul class=\"wp-block-list\">\n<li>Bien pr\u00e9ciser :\n<ul class=\"wp-block-list\">\n<li>le logement qui vous int\u00e9resse<\/li>\n\n\n\n<li>les dates souhait\u00e9es<\/li>\n\n\n\n<li>le nombre de personnes<\/li>\n<\/ul>\n<\/li>\n\n\n\n<li> Je vous r\u00e9pondrai rapidement pour vous indiquer si le logement est bien disponible aux dates indiqu\u00e9es et je vous demanderai vos coordonn\u00e9es afin de vous envoyer un contrat par email<\/li>\n<\/ul>\n\n\n\n<p>Vous pourrez me l&rsquo;envoyer par mail ou courrier et payer l&rsquo;acompte par virement ou ch\u00e8que. <\/p>\n\n\n\n<p>Vous pourrez r\u00e9gler le solde trois semaines avant le s\u00e9jour par virement ou par ch\u00e8que<\/p>\n\n\n\n<p><\/p>\n\n\n\n<h3 class=\"wp-block-heading\">Pour r\u00e9server une maison de vacances via Gites de France Finist\u00e8re, vous pouvez visiter ce site :<\/h3>\n\n\n\n<div class=\"wp-block-group is-layout-grid wp-container-core-group-is-layout-478b6e6b wp-block-group-is-layout-grid\">\n<p>pour la maison D&rsquo;une Pointe \u00e0 l&rsquo;Autre de Saint Nic (6 personnes):<\/p>\n\n\n\n<p class=\"wp-container-content-69bc4bdf\"> <a href=\"https:\/\/www.gites-finistere.com\/location-vacances\/bretagne\/saint-nic\/dune-pointe-a-lautre-29g21681\/\">https:\/\/www.gites-finistere.com\/location-vacances\/bretagne\/saint-nic\/dune-pointe-a-lautre-29g21681\/<\/a><\/p>\n\n\n\n<figure class=\"wp-block-image size-large is-style-default\" id=\"r\u00e9servation-gite-21681\"><img loading=\"lazy\" decoding=\"async\" width=\"1024\" height=\"768\" src=\"http:\/\/dunepointealautre.com\/wp-content\/uploads\/2025\/02\/1000022589-1024x768.jpg\" alt=\"photo facade sud maison d'une pointe \u00e0 l'autre. la photo est situ\u00e9e proche du lien pour r\u00e9server la location\" class=\"wp-image-42\" srcset=\"https:\/\/dunepointealautre.com\/wp-content\/uploads\/2025\/02\/1000022589-1024x768.jpg 1024w, https:\/\/dunepointealautre.com\/wp-content\/uploads\/2025\/02\/1000022589-300x225.jpg 300w, https:\/\/dunepointealautre.com\/wp-content\/uploads\/2025\/02\/1000022589-768x576.jpg 768w, https:\/\/dunepointealautre.com\/wp-content\/uploads\/2025\/02\/1000022589-1536x1152.jpg 1536w, https:\/\/dunepointealautre.com\/wp-content\/uploads\/2025\/02\/1000022589.jpg 2048w\" sizes=\"auto, (max-width: 1024px) 100vw, 1024px\" \/><figcaption class=\"wp-element-caption\">gite 21681<\/figcaption><\/figure>\n<\/div>\n\n\n\n<p><\/p>\n\n\n\n<div class=\"wp-block-group is-layout-grid wp-container-core-group-is-layout-478b6e6b wp-block-group-is-layout-grid\">\n<p>pour le g\u00eete de Lezargol (4 personnes) :<\/p>\n\n\n\n<p><a href=\"https:\/\/www.gites-finistere.com\/location-vacances\/bretagne\/argol\/gite-de-lezargol-29g21680\">https:\/\/www.gites-finistere.com\/location-vacances\/bretagne\/argol\/gite-de-lezargol-29g21680<\/a><\/p>\n\n\n\n<figure class=\"wp-block-image size-large\"><img loading=\"lazy\" decoding=\"async\" width=\"1024\" height=\"682\" src=\"http:\/\/dunepointealautre.com\/wp-content\/uploads\/2025\/02\/facade-lezargol-1-1024x682.jpg\" alt=\"facade du gite de Lezargol\" class=\"wp-image-130\" srcset=\"https:\/\/dunepointealautre.com\/wp-content\/uploads\/2025\/02\/facade-lezargol-1-1024x682.jpg 1024w, https:\/\/dunepointealautre.com\/wp-content\/uploads\/2025\/02\/facade-lezargol-1-300x200.jpg 300w, https:\/\/dunepointealautre.com\/wp-content\/uploads\/2025\/02\/facade-lezargol-1-768x511.jpg 768w, https:\/\/dunepointealautre.com\/wp-content\/uploads\/2025\/02\/facade-lezargol-1.jpg 1200w\" sizes=\"auto, (max-width: 1024px) 100vw, 1024px\" \/><figcaption class=\"wp-element-caption\">gite 21680<\/figcaption><\/figure>\n<\/div>\n\n\n\n<h3 class=\"wp-block-heading\">Pour trouver les maisons de vacances sur les autres sites de r\u00e9servation:<\/h3>\n\n\n\n<p> Afin d&rsquo;\u00eatre visible par plus de vacanciers, nos maisons de vacances en bord de mer \u00e0 l&rsquo;entr\u00e9e de la Presqu&rsquo;\u00eele de Crozon sont \u00e9galement en ligne sur d&rsquo;autres plateformes de r\u00e9servation sp\u00e9cialis\u00e9es<\/p>\n\n\n\n<p class=\"has-link-color wp-elements-f353b1352c5b0a0e7d72ccfd1faabf19\">Vous pourrez les retrouver sur les sites <a href=\"https:\/\/www.papvacances.fr\/annonce\/location-maison-saint-nic-29550-r209402441\">PAP<\/a>, <a href=\"https:\/\/www.airbnb.fr\/hosting\/listings\/editor\/1107420091620091314\/details\/custom-link\">AirBnb<\/a>, <a href=\"https:\/\/www.abritel.fr\/location-vacances\/p2451959\">Abritel <\/a> et Booking:<\/p>\n\n\n\n<p class=\"has-link-color wp-elements-8fb1fb59b6e56e62b4d7b11b41ed3880\"><a href=\"https:\/\/www.booking.com\/hotel\/fr\/maison-vue-sur-mer-a-400-m-de-la-plage-de-pentrez.fr.html\">Maison 6 personnes sur Booking<\/a>, <a href=\"https:\/\/www.booking.com\/Share-nz10YD\">Appartement 2 personnes sur Booking<\/a><\/p>\n\n\n\n<p class=\"has-link-color wp-elements-a50930a9a5bc19653acbda8b693550b7\"><\/p>\n\n\n<style>\n  :root {<br \/>\n    --ldg-psb-background: #ffffff;<br \/>\n    --ldg-psb-border-radius: 0.42em;<br \/>\n    --ldg-psb-box-shadow: 0px 24px 54px 0px rgba(0, 0, 0, 0.1);<br \/>\n    --ldg-psb-padding: 14px;<br \/>\n    --ldg-psb-input-background: #ffffff;<br \/>\n    --ldg-psb-button-border-radius: 3.58em;<br \/>\n    --ldg-psb-color-primary: #fac600;<br \/>\n    --ldg-psb-color-primary-lighter:#fde380;<br \/>\n    --ldg-psb-color-primary-darker: #7d6300;<br \/>\n    --ldg-psb-color-primary-contrast: #333333;<br \/>\n    --ldg-semantic-color-primary:  #fac600;<br \/>\n    --ldg-semantic-color-primary-lighter: #fde380;<br \/>\n    --ldg-semantic-color-primary-darker: #7d6300;<br \/>\n    --ldg-semantic-color-primary-contrast: #333333;<br \/>\n    --ldg-component-modal-z-index: 999;<br \/>\n  }<br \/>\n  #lodgify-search-bar {<br \/>\n    position: relative;<br \/>\n    z-index: 999;<br \/>\n    width:100%;<br \/>\n  }<br \/>\n<\/style>\n<div","protected":false},"excerpt":{"rendered":"<p>R\u00e9server en direct une maison de vacances en bord de mer Pour r\u00e9server en ligne Pour r\u00e9server une des locations, vous pouvez cliquer sur le moteur de r\u00e9servation de notre logiciel SuperHote R\u00e9server en contactant le propri\u00e9taire Pour r\u00e9server directement avec moi, vous pouvez me contacter par mail ou t\u00e9l\u00e9phone (appel, SMS ou Whatsapp) Vous [&hellip;]<\/p>\n","protected":false},"author":1,"featured_media":0,"parent":0,"menu_order":0,"comment_status":"closed","ping_status":"closed","template":"","meta":{"footnotes":""},"class_list":["post-76","page","type-page","status-publish","hentry"],"yoast_head":"<!-- This site is optimized with the Yoast SEO plugin v24.5 - https:\/\/yoast.com\/wordpress\/plugins\/seo\/ -->\n<title>r\u00e9server une maison de vacances en presqu&#039;ile de Crozon<\/title>\n<meta name=\"description\" content=\"vous cherchez \u00e0 r\u00e9server un g\u00eete ou une maison de vacances en bord de mer \u00e0 l&#039;entr\u00e9e de la presqu&#039;ile de Crozon\" \/>\n<meta name=\"robots\" content=\"index, follow, max-snippet:-1, max-image-preview:large, max-video-preview:-1\" \/>\n<link rel=\"canonical\" href=\"https:\/\/dunepointealautre.com\/index.php\/reserver-une-maison-de-vacances-en-presquile-de-crozon\/\" \/>\n<meta property=\"og:locale\" content=\"fr_FR\" \/>\n<meta property=\"og:type\" content=\"article\" \/>\n<meta property=\"og:title\" content=\"r\u00e9server une maison de vacances en presqu&#039;ile de Crozon\" \/>\n<meta property=\"og:description\" content=\"vous cherchez \u00e0 r\u00e9server un g\u00eete ou une maison de vacances en bord de mer \u00e0 l&#039;entr\u00e9e de la presqu&#039;ile de Crozon\" \/>\n<meta property=\"og:url\" content=\"https:\/\/dunepointealautre.com\/index.php\/reserver-une-maison-de-vacances-en-presquile-de-crozon\/\" \/>\n<meta property=\"og:site_name\" content=\"D&#039;Une Pointe \u00e0 l&#039;Autre\" \/>\n<meta property=\"article:publisher\" content=\"https:\/\/www.facebook.com\/share\/1BUFibdSJN\/\" \/>\n<meta property=\"article:modified_time\" content=\"2026-03-22T18:03:33+00:00\" \/>\n<meta property=\"og:image\" content=\"https:\/\/dunepointealautre.com\/wp-content\/uploads\/2025\/02\/1000001927.jpg\" \/>\n\t<meta property=\"og:image:width\" content=\"2048\" \/>\n\t<meta property=\"og:image:height\" content=\"1536\" \/>\n\t<meta property=\"og:image:type\" content=\"image\/jpeg\" \/>\n<meta name=\"twitter:card\" content=\"summary_large_image\" \/>\n<meta name=\"twitter:label1\" content=\"Dur\u00e9e de lecture estim\u00e9e\" \/>\n\t<meta name=\"twitter:data1\" content=\"3 minutes\" \/>\n<script type=\"application\/ld+json\" class=\"yoast-schema-graph\">{\"@context\":\"https:\/\/schema.org\",\"@graph\":[{\"@type\":\"WebPage\",\"@id\":\"https:\/\/dunepointealautre.com\/index.php\/reserver-une-maison-de-vacances-en-presquile-de-crozon\/\",\"url\":\"https:\/\/dunepointealautre.com\/index.php\/reserver-une-maison-de-vacances-en-presquile-de-crozon\/\",\"name\":\"r\u00e9server une maison de vacances en presqu'ile de Crozon\",\"isPartOf\":{\"@id\":\"https:\/\/dunepointealautre.com\/#website\"},\"primaryImageOfPage\":{\"@id\":\"https:\/\/dunepointealautre.com\/index.php\/reserver-une-maison-de-vacances-en-presquile-de-crozon\/#primaryimage\"},\"image\":{\"@id\":\"https:\/\/dunepointealautre.com\/index.php\/reserver-une-maison-de-vacances-en-presquile-de-crozon\/#primaryimage\"},\"thumbnailUrl\":\"https:\/\/dunepointealautre.com\/wp-content\/uploads\/2025\/02\/1000001927-1024x768.jpg\",\"datePublished\":\"2025-02-14T15:41:21+00:00\",\"dateModified\":\"2026-03-22T18:03:33+00:00\",\"description\":\"vous cherchez \u00e0 r\u00e9server un g\u00eete ou une maison de vacances en bord de mer \u00e0 l'entr\u00e9e de la presqu'ile de Crozon\",\"breadcrumb\":{\"@id\":\"https:\/\/dunepointealautre.com\/index.php\/reserver-une-maison-de-vacances-en-presquile-de-crozon\/#breadcrumb\"},\"inLanguage\":\"fr-FR\",\"potentialAction\":[{\"@type\":\"ReadAction\",\"target\":[\"https:\/\/dunepointealautre.com\/index.php\/reserver-une-maison-de-vacances-en-presquile-de-crozon\/\"]}]},{\"@type\":\"ImageObject\",\"inLanguage\":\"fr-FR\",\"@id\":\"https:\/\/dunepointealautre.com\/index.php\/reserver-une-maison-de-vacances-en-presquile-de-crozon\/#primaryimage\",\"url\":\"https:\/\/dunepointealautre.com\/wp-content\/uploads\/2025\/02\/1000001927.jpg\",\"contentUrl\":\"https:\/\/dunepointealautre.com\/wp-content\/uploads\/2025\/02\/1000001927.jpg\",\"width\":2048,\"height\":1536,\"caption\":\"Gite D'une Pointe \u00e0 l'Autre\"},{\"@type\":\"BreadcrumbList\",\"@id\":\"https:\/\/dunepointealautre.com\/index.php\/reserver-une-maison-de-vacances-en-presquile-de-crozon\/#breadcrumb\",\"itemListElement\":[{\"@type\":\"ListItem\",\"position\":1,\"name\":\"Home\",\"item\":\"https:\/\/dunepointealautre.com\/\"},{\"@type\":\"ListItem\",\"position\":2,\"name\":\"R\u00e9server une maison de vacances proche de la mer \u00e0 l&rsquo;entr\u00e9e de la presqu&rsquo;\u00eele de Crozon\"}]},{\"@type\":\"WebSite\",\"@id\":\"https:\/\/dunepointealautre.com\/#website\",\"url\":\"https:\/\/dunepointealautre.com\/\",\"name\":\"ACCUEIL DU SITE\",\"description\":\"Maisons de vacances en Finist\u00e8re \u00e0 l&#039;entr\u00e9e de la presqu&#039;ile de Crozon\",\"publisher\":{\"@id\":\"https:\/\/dunepointealautre.com\/#organization\"},\"potentialAction\":[{\"@type\":\"SearchAction\",\"target\":{\"@type\":\"EntryPoint\",\"urlTemplate\":\"https:\/\/dunepointealautre.com\/?s={search_term_string}\"},\"query-input\":{\"@type\":\"PropertyValueSpecification\",\"valueRequired\":true,\"valueName\":\"search_term_string\"}}],\"inLanguage\":\"fr-FR\"},{\"@type\":\"Organization\",\"@id\":\"https:\/\/dunepointealautre.com\/#organization\",\"name\":\"D'une Pointe \u00e0 l'Autre\",\"url\":\"https:\/\/dunepointealautre.com\/\",\"logo\":{\"@type\":\"ImageObject\",\"inLanguage\":\"fr-FR\",\"@id\":\"https:\/\/dunepointealautre.com\/#\/schema\/logo\/image\/\",\"url\":\"http:\/\/dunepointealautre.com\/wp-content\/uploads\/2025\/02\/IMG-20240610-WA0004.jpg\",\"contentUrl\":\"http:\/\/dunepointealautre.com\/wp-content\/uploads\/2025\/02\/IMG-20240610-WA0004.jpg\",\"width\":2048,\"height\":1536,\"caption\":\"D'une Pointe \u00e0 l'Autre\"},\"image\":{\"@id\":\"https:\/\/dunepointealautre.com\/#\/schema\/logo\/image\/\"},\"sameAs\":[\"https:\/\/www.facebook.com\/share\/1BUFibdSJN\/\"]}]}<\/script>\n<!-- \/ Yoast SEO plugin. -->","yoast_head_json":{"title":"r\u00e9server une maison de vacances en presqu'ile de Crozon","description":"vous cherchez \u00e0 r\u00e9server un g\u00eete ou une maison de vacances en bord de mer \u00e0 l'entr\u00e9e de la presqu'ile de Crozon","robots":{"index":"index","follow":"follow","max-snippet":"max-snippet:-1","max-image-preview":"max-image-preview:large","max-video-preview":"max-video-preview:-1"},"canonical":"https:\/\/dunepointealautre.com\/index.php\/reserver-une-maison-de-vacances-en-presquile-de-crozon\/","og_locale":"fr_FR","og_type":"article","og_title":"r\u00e9server une maison de vacances en presqu'ile de Crozon","og_description":"vous cherchez \u00e0 r\u00e9server un g\u00eete ou une maison de vacances en bord de mer \u00e0 l'entr\u00e9e de la presqu'ile de Crozon","og_url":"https:\/\/dunepointealautre.com\/index.php\/reserver-une-maison-de-vacances-en-presquile-de-crozon\/","og_site_name":"D&#039;Une Pointe \u00e0 l&#039;Autre","article_publisher":"https:\/\/www.facebook.com\/share\/1BUFibdSJN\/","article_modified_time":"2026-03-22T18:03:33+00:00","og_image":[{"width":2048,"height":1536,"url":"https:\/\/dunepointealautre.com\/wp-content\/uploads\/2025\/02\/1000001927.jpg","type":"image\/jpeg"}],"twitter_card":"summary_large_image","twitter_misc":{"Dur\u00e9e de lecture estim\u00e9e":"3 minutes"},"schema":{"@context":"https:\/\/schema.org","@graph":[{"@type":"WebPage","@id":"https:\/\/dunepointealautre.com\/index.php\/reserver-une-maison-de-vacances-en-presquile-de-crozon\/","url":"https:\/\/dunepointealautre.com\/index.php\/reserver-une-maison-de-vacances-en-presquile-de-crozon\/","name":"r\u00e9server une maison de vacances en presqu'ile de Crozon","isPartOf":{"@id":"https:\/\/dunepointealautre.com\/#website"},"primaryImageOfPage":{"@id":"https:\/\/dunepointealautre.com\/index.php\/reserver-une-maison-de-vacances-en-presquile-de-crozon\/#primaryimage"},"image":{"@id":"https:\/\/dunepointealautre.com\/index.php\/reserver-une-maison-de-vacances-en-presquile-de-crozon\/#primaryimage"},"thumbnailUrl":"https:\/\/dunepointealautre.com\/wp-content\/uploads\/2025\/02\/1000001927-1024x768.jpg","datePublished":"2025-02-14T15:41:21+00:00","dateModified":"2026-03-22T18:03:33+00:00","description":"vous cherchez \u00e0 r\u00e9server un g\u00eete ou une maison de vacances en bord de mer \u00e0 l'entr\u00e9e de la presqu'ile de Crozon","breadcrumb":{"@id":"https:\/\/dunepointealautre.com\/index.php\/reserver-une-maison-de-vacances-en-presquile-de-crozon\/#breadcrumb"},"inLanguage":"fr-FR","potentialAction":[{"@type":"ReadAction","target":["https:\/\/dunepointealautre.com\/index.php\/reserver-une-maison-de-vacances-en-presquile-de-crozon\/"]}]},{"@type":"ImageObject","inLanguage":"fr-FR","@id":"https:\/\/dunepointealautre.com\/index.php\/reserver-une-maison-de-vacances-en-presquile-de-crozon\/#primaryimage","url":"https:\/\/dunepointealautre.com\/wp-content\/uploads\/2025\/02\/1000001927.jpg","contentUrl":"https:\/\/dunepointealautre.com\/wp-content\/uploads\/2025\/02\/1000001927.jpg","width":2048,"height":1536,"caption":"Gite D'une Pointe \u00e0 l'Autre"},{"@type":"BreadcrumbList","@id":"https:\/\/dunepointealautre.com\/index.php\/reserver-une-maison-de-vacances-en-presquile-de-crozon\/#breadcrumb","itemListElement":[{"@type":"ListItem","position":1,"name":"Home","item":"https:\/\/dunepointealautre.com\/"},{"@type":"ListItem","position":2,"name":"R\u00e9server une maison de vacances proche de la mer \u00e0 l&rsquo;entr\u00e9e de la presqu&rsquo;\u00eele de Crozon"}]},{"@type":"WebSite","@id":"https:\/\/dunepointealautre.com\/#website","url":"https:\/\/dunepointealautre.com\/","name":"ACCUEIL DU SITE","description":"Maisons de vacances en Finist\u00e8re \u00e0 l&#039;entr\u00e9e de la presqu&#039;ile de Crozon","publisher":{"@id":"https:\/\/dunepointealautre.com\/#organization"},"potentialAction":[{"@type":"SearchAction","target":{"@type":"EntryPoint","urlTemplate":"https:\/\/dunepointealautre.com\/?s={search_term_string}"},"query-input":{"@type":"PropertyValueSpecification","valueRequired":true,"valueName":"search_term_string"}}],"inLanguage":"fr-FR"},{"@type":"Organization","@id":"https:\/\/dunepointealautre.com\/#organization","name":"D'une Pointe \u00e0 l'Autre","url":"https:\/\/dunepointealautre.com\/","logo":{"@type":"ImageObject","inLanguage":"fr-FR","@id":"https:\/\/dunepointealautre.com\/#\/schema\/logo\/image\/","url":"http:\/\/dunepointealautre.com\/wp-content\/uploads\/2025\/02\/IMG-20240610-WA0004.jpg","contentUrl":"http:\/\/dunepointealautre.com\/wp-content\/uploads\/2025\/02\/IMG-20240610-WA0004.jpg","width":2048,"height":1536,"caption":"D'une Pointe \u00e0 l'Autre"},"image":{"@id":"https:\/\/dunepointealautre.com\/#\/schema\/logo\/image\/"},"sameAs":["https:\/\/www.facebook.com\/share\/1BUFibdSJN\/"]}]}},"_links":{"self":[{"href":"https:\/\/dunepointealautre.com\/index.php\/wp-json\/wp\/v2\/pages\/76","targetHints":{"allow":["GET"]}}],"collection":[{"href":"https:\/\/dunepointealautre.com\/index.php\/wp-json\/wp\/v2\/pages"}],"about":[{"href":"https:\/\/dunepointealautre.com\/index.php\/wp-json\/wp\/v2\/types\/page"}],"author":[{"embeddable":true,"href":"https:\/\/dunepointealautre.com\/index.php\/wp-json\/wp\/v2\/users\/1"}],"replies":[{"embeddable":true,"href":"https:\/\/dunepointealautre.com\/index.php\/wp-json\/wp\/v2\/comments?post=76"}],"version-history":[{"count":33,"href":"https:\/\/dunepointealautre.com\/index.php\/wp-json\/wp\/v2\/pages\/76\/revisions"}],"predecessor-version":[{"id":437,"href":"https:\/\/dunepointealautre.com\/index.php\/wp-json\/wp\/v2\/pages\/76\/revisions\/437"}],"wp:attachment":[{"href":"https:\/\/dunepointealautre.com\/index.php\/wp-json\/wp\/v2\/media?parent=76"}],"curies":[{"name":"wp","href":"https:\/\/api.w.org\/{rel}","templated":true}]}}