{"id":78,"date":"2025-02-14T16:46:47","date_gmt":"2025-02-14T15:46:47","guid":{"rendered":"https:\/\/dunepointealautre.com\/?page_id=78"},"modified":"2025-04-27T18:11:37","modified_gmt":"2025-04-27T16:11:37","slug":"contacter-proprietaires-maisons-de-vacances-finistere","status":"publish","type":"page","link":"https:\/\/dunepointealautre.com\/index.php\/contacter-proprietaires-maisons-de-vacances-finistere\/","title":{"rendered":"Contacter les propri\u00e9taires des maisons de vacances"},"content":{"rendered":"\n<h2 class=\"wp-block-heading\">Demande de contact<\/h2>\n\n\n\n<p>Pour toute demande de tarif et de disponibilit\u00e9, voici nos coordonn\u00e9es pous prendre contact avec nous :<\/p>\n\n\n\n<p>Caroline et Philippe Chmura<\/p>\n\n\n\n<p>t\u00e9l\u00e9phone : +33 (0) 6 80 43 29 47<\/p>\n\n\n\n<p>email : caroline-chmura@orange.fr<\/p>\n\n\n\n<h2 class=\"wp-block-heading\">Localisation des locations<\/h2>\n\n\n\n<p>Localisation de la maison de Saint Nic:  Hauteur de la plage de Pentrez 29550 Saint-Nic ; France  (Bretagne Finist\u00e8re)<\/p>\n\n\n\n<p>Localisation de la maison d&rsquo;Argol : Lezargol 295560 Argol  France (Bretagne Finist\u00e8re)<\/p>\n\n\n\n<p>sur google maps:  d&rsquo;une pointe \u00e0 l&rsquo;autre https:\/\/maps.app.goo.gl\/4rDqpUM7eQZkUzMu9 <\/p>\n\n\n\n<h2 class=\"wp-block-heading\">Suivez nous sur les r\u00e9seaux sociaux<\/h2>\n\n\n\n<p>retrouvez nous sur Instagram <a href=\"https:\/\/www.instagram.com\/gites_entree_presquile_crozon\">https:\/\/www.instagram.com\/gites_entree_presquile_crozon<\/a><\/p>\n\n\n\n<p>et Facebook :<\/p>\n\n\n\n<p><a href=\"https:\/\/www.facebook.com\/share\/1BUFibdSJN\">https:\/\/www.facebook.com\/share\/1BUFibdSJN<\/a><\/p>\n\n\n\n<h2 class=\"wp-block-heading\">L&rsquo;histoire des propri\u00e9taires<\/h2>\n\n\n\n<p class=\"has-gradient-3-gradient-background has-background\">Je suis originaire d\u2019Argol, la commune limitrophe de Saint Nic et avec ma famille, nous avons r\u00e9nov\u00e9 il y a 10 ans la maison de la ferme familiale en g\u00eete<\/p>\n\n\n\n<p>En 2024, nous avons eu envie de poursuivre cette exp\u00e9rience formidable d\u2019h\u00f4te en acqu\u00e9rant cette maison et en la r\u00e9novant pour en faire un g\u00eete ou il fait bon passer des vacances en famille ou entre amis.<\/p>\n","protected":false},"excerpt":{"rendered":"<p>Demande de contact Pour toute demande de tarif et de disponibilit\u00e9, voici nos coordonn\u00e9es pous prendre contact avec nous : Caroline et Philippe Chmura t\u00e9l\u00e9phone : +33 (0) 6 80 43 29 47 email : caroline-chmura@orange.fr Localisation des locations Localisation de la maison de Saint Nic: Hauteur de la plage de Pentrez 29550 Saint-Nic ; [&hellip;]<\/p>\n","protected":false},"author":1,"featured_media":25,"parent":0,"menu_order":0,"comment_status":"closed","ping_status":"closed","template":"","meta":{"footnotes":""},"class_list":["post-78","page","type-page","status-publish","has-post-thumbnail","hentry"],"yoast_head":"<!-- This site is optimized with the Yoast SEO plugin v24.5 - https:\/\/yoast.com\/wordpress\/plugins\/seo\/ -->\n<title>contacter propri\u00e9taires maisons de vacances Finist\u00e8re<\/title>\n<meta name=\"description\" content=\"Contacter les propri\u00e9taires de maisons de vacances dans le Finist\u00e8re afin d&#039;obtenir plus d&#039;informations et r\u00e9server directement\" \/>\n<meta name=\"robots\" content=\"index, follow, max-snippet:-1, max-image-preview:large, max-video-preview:-1\" \/>\n<link rel=\"canonical\" href=\"https:\/\/dunepointealautre.com\/index.php\/contacter-proprietaires-maisons-de-vacances-finistere\/\" \/>\n<meta property=\"og:locale\" content=\"fr_FR\" \/>\n<meta property=\"og:type\" content=\"article\" \/>\n<meta property=\"og:title\" content=\"contacter propri\u00e9taires maisons de vacances Finist\u00e8re\" \/>\n<meta property=\"og:description\" content=\"Contacter les propri\u00e9taires de maisons de vacances dans le Finist\u00e8re afin d&#039;obtenir plus d&#039;informations et r\u00e9server directement\" \/>\n<meta property=\"og:url\" content=\"https:\/\/dunepointealautre.com\/index.php\/contacter-proprietaires-maisons-de-vacances-finistere\/\" \/>\n<meta property=\"og:site_name\" content=\"D&#039;Une Pointe \u00e0 l&#039;Autre\" \/>\n<meta property=\"article:publisher\" content=\"https:\/\/www.facebook.com\/share\/1BUFibdSJN\/\" \/>\n<meta property=\"article:modified_time\" content=\"2025-04-27T16:11:37+00:00\" \/>\n<meta property=\"og:image\" content=\"http:\/\/dunepointealautre.com\/wp-content\/uploads\/2025\/02\/IMG_20240610_165435-scaled.jpg\" \/>\n\t<meta property=\"og:image:width\" content=\"2560\" \/>\n\t<meta property=\"og:image:height\" content=\"1898\" \/>\n\t<meta property=\"og:image:type\" content=\"image\/jpeg\" \/>\n<meta name=\"twitter:card\" content=\"summary_large_image\" \/>\n<meta name=\"twitter:label1\" content=\"Dur\u00e9e de lecture estim\u00e9e\" \/>\n\t<meta name=\"twitter:data1\" content=\"2 minutes\" \/>\n<script type=\"application\/ld+json\" class=\"yoast-schema-graph\">{\"@context\":\"https:\/\/schema.org\",\"@graph\":[{\"@type\":\"WebPage\",\"@id\":\"https:\/\/dunepointealautre.com\/index.php\/contacter-proprietaires-maisons-de-vacances-finistere\/\",\"url\":\"https:\/\/dunepointealautre.com\/index.php\/contacter-proprietaires-maisons-de-vacances-finistere\/\",\"name\":\"contacter propri\u00e9taires maisons de vacances Finist\u00e8re\",\"isPartOf\":{\"@id\":\"https:\/\/dunepointealautre.com\/#website\"},\"primaryImageOfPage\":{\"@id\":\"https:\/\/dunepointealautre.com\/index.php\/contacter-proprietaires-maisons-de-vacances-finistere\/#primaryimage\"},\"image\":{\"@id\":\"https:\/\/dunepointealautre.com\/index.php\/contacter-proprietaires-maisons-de-vacances-finistere\/#primaryimage\"},\"thumbnailUrl\":\"https:\/\/dunepointealautre.com\/wp-content\/uploads\/2025\/02\/IMG_20240610_165435-scaled.jpg\",\"datePublished\":\"2025-02-14T15:46:47+00:00\",\"dateModified\":\"2025-04-27T16:11:37+00:00\",\"description\":\"Contacter les propri\u00e9taires de maisons de vacances dans le Finist\u00e8re afin d'obtenir plus d'informations et r\u00e9server directement\",\"breadcrumb\":{\"@id\":\"https:\/\/dunepointealautre.com\/index.php\/contacter-proprietaires-maisons-de-vacances-finistere\/#breadcrumb\"},\"inLanguage\":\"fr-FR\",\"potentialAction\":[{\"@type\":\"ReadAction\",\"target\":[\"https:\/\/dunepointealautre.com\/index.php\/contacter-proprietaires-maisons-de-vacances-finistere\/\"]}]},{\"@type\":\"ImageObject\",\"inLanguage\":\"fr-FR\",\"@id\":\"https:\/\/dunepointealautre.com\/index.php\/contacter-proprietaires-maisons-de-vacances-finistere\/#primaryimage\",\"url\":\"https:\/\/dunepointealautre.com\/wp-content\/uploads\/2025\/02\/IMG_20240610_165435-scaled.jpg\",\"contentUrl\":\"https:\/\/dunepointealautre.com\/wp-content\/uploads\/2025\/02\/IMG_20240610_165435-scaled.jpg\",\"width\":2560,\"height\":1898,\"caption\":\"photo propri\u00e9taires\"},{\"@type\":\"BreadcrumbList\",\"@id\":\"https:\/\/dunepointealautre.com\/index.php\/contacter-proprietaires-maisons-de-vacances-finistere\/#breadcrumb\",\"itemListElement\":[{\"@type\":\"ListItem\",\"position\":1,\"name\":\"Home\",\"item\":\"https:\/\/dunepointealautre.com\/\"},{\"@type\":\"ListItem\",\"position\":2,\"name\":\"Contacter les propri\u00e9taires des maisons de vacances\"}]},{\"@type\":\"WebSite\",\"@id\":\"https:\/\/dunepointealautre.com\/#website\",\"url\":\"https:\/\/dunepointealautre.com\/\",\"name\":\"ACCUEIL DU SITE\",\"description\":\"Maisons de vacances en Finist\u00e8re \u00e0 l&#039;entr\u00e9e de la presqu&#039;ile de Crozon\",\"publisher\":{\"@id\":\"https:\/\/dunepointealautre.com\/#organization\"},\"potentialAction\":[{\"@type\":\"SearchAction\",\"target\":{\"@type\":\"EntryPoint\",\"urlTemplate\":\"https:\/\/dunepointealautre.com\/?s={search_term_string}\"},\"query-input\":{\"@type\":\"PropertyValueSpecification\",\"valueRequired\":true,\"valueName\":\"search_term_string\"}}],\"inLanguage\":\"fr-FR\"},{\"@type\":\"Organization\",\"@id\":\"https:\/\/dunepointealautre.com\/#organization\",\"name\":\"D'une Pointe \u00e0 l'Autre\",\"url\":\"https:\/\/dunepointealautre.com\/\",\"logo\":{\"@type\":\"ImageObject\",\"inLanguage\":\"fr-FR\",\"@id\":\"https:\/\/dunepointealautre.com\/#\/schema\/logo\/image\/\",\"url\":\"http:\/\/dunepointealautre.com\/wp-content\/uploads\/2025\/02\/IMG-20240610-WA0004.jpg\",\"contentUrl\":\"http:\/\/dunepointealautre.com\/wp-content\/uploads\/2025\/02\/IMG-20240610-WA0004.jpg\",\"width\":2048,\"height\":1536,\"caption\":\"D'une Pointe \u00e0 l'Autre\"},\"image\":{\"@id\":\"https:\/\/dunepointealautre.com\/#\/schema\/logo\/image\/\"},\"sameAs\":[\"https:\/\/www.facebook.com\/share\/1BUFibdSJN\/\"]}]}<\/script>\n<!-- \/ Yoast SEO plugin. -->","yoast_head_json":{"title":"contacter propri\u00e9taires maisons de vacances Finist\u00e8re","description":"Contacter les propri\u00e9taires de maisons de vacances dans le Finist\u00e8re afin d'obtenir plus d'informations et r\u00e9server directement","robots":{"index":"index","follow":"follow","max-snippet":"max-snippet:-1","max-image-preview":"max-image-preview:large","max-video-preview":"max-video-preview:-1"},"canonical":"https:\/\/dunepointealautre.com\/index.php\/contacter-proprietaires-maisons-de-vacances-finistere\/","og_locale":"fr_FR","og_type":"article","og_title":"contacter propri\u00e9taires maisons de vacances Finist\u00e8re","og_description":"Contacter les propri\u00e9taires de maisons de vacances dans le Finist\u00e8re afin d'obtenir plus d'informations et r\u00e9server directement","og_url":"https:\/\/dunepointealautre.com\/index.php\/contacter-proprietaires-maisons-de-vacances-finistere\/","og_site_name":"D&#039;Une Pointe \u00e0 l&#039;Autre","article_publisher":"https:\/\/www.facebook.com\/share\/1BUFibdSJN\/","article_modified_time":"2025-04-27T16:11:37+00:00","og_image":[{"width":2560,"height":1898,"url":"http:\/\/dunepointealautre.com\/wp-content\/uploads\/2025\/02\/IMG_20240610_165435-scaled.jpg","type":"image\/jpeg"}],"twitter_card":"summary_large_image","twitter_misc":{"Dur\u00e9e de lecture estim\u00e9e":"2 minutes"},"schema":{"@context":"https:\/\/schema.org","@graph":[{"@type":"WebPage","@id":"https:\/\/dunepointealautre.com\/index.php\/contacter-proprietaires-maisons-de-vacances-finistere\/","url":"https:\/\/dunepointealautre.com\/index.php\/contacter-proprietaires-maisons-de-vacances-finistere\/","name":"contacter propri\u00e9taires maisons de vacances Finist\u00e8re","isPartOf":{"@id":"https:\/\/dunepointealautre.com\/#website"},"primaryImageOfPage":{"@id":"https:\/\/dunepointealautre.com\/index.php\/contacter-proprietaires-maisons-de-vacances-finistere\/#primaryimage"},"image":{"@id":"https:\/\/dunepointealautre.com\/index.php\/contacter-proprietaires-maisons-de-vacances-finistere\/#primaryimage"},"thumbnailUrl":"https:\/\/dunepointealautre.com\/wp-content\/uploads\/2025\/02\/IMG_20240610_165435-scaled.jpg","datePublished":"2025-02-14T15:46:47+00:00","dateModified":"2025-04-27T16:11:37+00:00","description":"Contacter les propri\u00e9taires de maisons de vacances dans le Finist\u00e8re afin d'obtenir plus d'informations et r\u00e9server directement","breadcrumb":{"@id":"https:\/\/dunepointealautre.com\/index.php\/contacter-proprietaires-maisons-de-vacances-finistere\/#breadcrumb"},"inLanguage":"fr-FR","potentialAction":[{"@type":"ReadAction","target":["https:\/\/dunepointealautre.com\/index.php\/contacter-proprietaires-maisons-de-vacances-finistere\/"]}]},{"@type":"ImageObject","inLanguage":"fr-FR","@id":"https:\/\/dunepointealautre.com\/index.php\/contacter-proprietaires-maisons-de-vacances-finistere\/#primaryimage","url":"https:\/\/dunepointealautre.com\/wp-content\/uploads\/2025\/02\/IMG_20240610_165435-scaled.jpg","contentUrl":"https:\/\/dunepointealautre.com\/wp-content\/uploads\/2025\/02\/IMG_20240610_165435-scaled.jpg","width":2560,"height":1898,"caption":"photo propri\u00e9taires"},{"@type":"BreadcrumbList","@id":"https:\/\/dunepointealautre.com\/index.php\/contacter-proprietaires-maisons-de-vacances-finistere\/#breadcrumb","itemListElement":[{"@type":"ListItem","position":1,"name":"Home","item":"https:\/\/dunepointealautre.com\/"},{"@type":"ListItem","position":2,"name":"Contacter les propri\u00e9taires des maisons de vacances"}]},{"@type":"WebSite","@id":"https:\/\/dunepointealautre.com\/#website","url":"https:\/\/dunepointealautre.com\/","name":"ACCUEIL DU SITE","description":"Maisons de vacances en Finist\u00e8re \u00e0 l&#039;entr\u00e9e de la presqu&#039;ile de Crozon","publisher":{"@id":"https:\/\/dunepointealautre.com\/#organization"},"potentialAction":[{"@type":"SearchAction","target":{"@type":"EntryPoint","urlTemplate":"https:\/\/dunepointealautre.com\/?s={search_term_string}"},"query-input":{"@type":"PropertyValueSpecification","valueRequired":true,"valueName":"search_term_string"}}],"inLanguage":"fr-FR"},{"@type":"Organization","@id":"https:\/\/dunepointealautre.com\/#organization","name":"D'une Pointe \u00e0 l'Autre","url":"https:\/\/dunepointealautre.com\/","logo":{"@type":"ImageObject","inLanguage":"fr-FR","@id":"https:\/\/dunepointealautre.com\/#\/schema\/logo\/image\/","url":"http:\/\/dunepointealautre.com\/wp-content\/uploads\/2025\/02\/IMG-20240610-WA0004.jpg","contentUrl":"http:\/\/dunepointealautre.com\/wp-content\/uploads\/2025\/02\/IMG-20240610-WA0004.jpg","width":2048,"height":1536,"caption":"D'une Pointe \u00e0 l'Autre"},"image":{"@id":"https:\/\/dunepointealautre.com\/#\/schema\/logo\/image\/"},"sameAs":["https:\/\/www.facebook.com\/share\/1BUFibdSJN\/"]}]}},"_links":{"self":[{"href":"https:\/\/dunepointealautre.com\/index.php\/wp-json\/wp\/v2\/pages\/78","targetHints":{"allow":["GET"]}}],"collection":[{"href":"https:\/\/dunepointealautre.com\/index.php\/wp-json\/wp\/v2\/pages"}],"about":[{"href":"https:\/\/dunepointealautre.com\/index.php\/wp-json\/wp\/v2\/types\/page"}],"author":[{"embeddable":true,"href":"https:\/\/dunepointealautre.com\/index.php\/wp-json\/wp\/v2\/users\/1"}],"replies":[{"embeddable":true,"href":"https:\/\/dunepointealautre.com\/index.php\/wp-json\/wp\/v2\/comments?post=78"}],"version-history":[{"count":13,"href":"https:\/\/dunepointealautre.com\/index.php\/wp-json\/wp\/v2\/pages\/78\/revisions"}],"predecessor-version":[{"id":358,"href":"https:\/\/dunepointealautre.com\/index.php\/wp-json\/wp\/v2\/pages\/78\/revisions\/358"}],"wp:featuredmedia":[{"embeddable":true,"href":"https:\/\/dunepointealautre.com\/index.php\/wp-json\/wp\/v2\/media\/25"}],"wp:attachment":[{"href":"https:\/\/dunepointealautre.com\/index.php\/wp-json\/wp\/v2\/media?parent=78"}],"curies":[{"name":"wp","href":"https:\/\/api.w.org\/{rel}","templated":true}]}}